{"id":34,"date":"2015-01-02T18:05:11","date_gmt":"2015-01-02T18:05:11","guid":{"rendered":"http:\/\/fl-translations.be\/?page_id=34"},"modified":"2022-11-27T20:44:08","modified_gmt":"2022-11-27T19:44:08","slug":"contact","status":"publish","type":"page","link":"http:\/\/fl-translations.be\/?page_id=34","title":{"rendered":"Contact"},"content":{"rendered":"<p style=\"text-align: center;\"><strong>Fran\u00e7oise Depr\u00e8ay-Leclercq<\/strong><\/p>\n<p style=\"text-align: center;\">4, Place du B\u00e9guinage<\/p>\n<p style=\"text-align: center;\">BE &#8211; 7000 Mons<\/p>\n<p style=\"text-align: center;\">Portable : ++ 32 (0)475 60 14 43<\/p>\n<p style=\"text-align: center;\">Courriel : francoise(@)fl-translations.be<\/p>\n<p style=\"text-align: center;\">Num\u00e9ro d&rsquo;entreprise : BE0604.930.503<\/p>\n","protected":false},"excerpt":{"rendered":"<p>Fran\u00e7oise Depr\u00e8ay-Leclercq 4, Place du B\u00e9guinage BE &#8211; 7000 Mons Portable : ++ 32 (0)475 60 14 43 Courriel : francoise(@)fl-translations.be Num\u00e9ro d&rsquo;entreprise : BE0604.930.503<\/p>\n","protected":false},"author":1,"featured_media":0,"parent":0,"menu_order":0,"comment_status":"closed","ping_status":"closed","template":"","meta":[],"_links":{"self":[{"href":"http:\/\/fl-translations.be\/index.php?rest_route=\/wp\/v2\/pages\/34"}],"collection":[{"href":"http:\/\/fl-translations.be\/index.php?rest_route=\/wp\/v2\/pages"}],"about":[{"href":"http:\/\/fl-translations.be\/index.php?rest_route=\/wp\/v2\/types\/page"}],"author":[{"embeddable":true,"href":"http:\/\/fl-translations.be\/index.php?rest_route=\/wp\/v2\/users\/1"}],"replies":[{"embeddable":true,"href":"http:\/\/fl-translations.be\/index.php?rest_route=%2Fwp%2Fv2%2Fcomments&post=34"}],"version-history":[{"count":5,"href":"http:\/\/fl-translations.be\/index.php?rest_route=\/wp\/v2\/pages\/34\/revisions"}],"predecessor-version":[{"id":385,"href":"http:\/\/fl-translations.be\/index.php?rest_route=\/wp\/v2\/pages\/34\/revisions\/385"}],"wp:attachment":[{"href":"http:\/\/fl-translations.be\/index.php?rest_route=%2Fwp%2Fv2%2Fmedia&parent=34"}],"curies":[{"name":"wp","href":"https:\/\/api.w.org\/{rel}","templated":true}]}}