{"id":314,"date":"2015-01-04T22:14:55","date_gmt":"2015-01-04T22:14:55","guid":{"rendered":"http:\/\/fl-translations.be\/?page_id=314"},"modified":"2015-01-05T11:47:54","modified_gmt":"2015-01-05T10:47:54","slug":"demander-un-devis","status":"publish","type":"page","link":"http:\/\/fl-translations.be\/?page_id=314","title":{"rendered":"Demander un devis"},"content":{"rendered":"<p style=\"text-align: justify;\">Pour demander un devis, il vous suffit de <a title=\"Contact\" href=\"http:\/\/fl-translations.be\/?page_id=34\">m&rsquo;envoyer<\/a> par courriel le ou les documents \u00e0 traduire\/r\u00e9viser, les \u00e9ventuels documents de r\u00e9f\u00e9rence ainsi que vos consignes particuli\u00e8res, sans oublier mentionner les coordonn\u00e9es auxquelles je peux vous joindre. Je vous r\u00e9pondrai dans un d\u00e9lai d&rsquo;un jour ouvrable. Tous les devis contiennent une offre de prix (HTVA, 21 %), un d\u00e9lai (en jours ouvrables) ainsi que <a title=\"Conditions g\u00e9n\u00e9rales\" href=\"http:\/\/fl-translations.be\/?page_id=290\">mes conditions g\u00e9n\u00e9rales<\/a>. Si vous acceptez le devis, il vous suffit de me le renvoyer, d\u00fbment dat\u00e9 et sign\u00e9, par voie \u00e9lectronique. Toutes les offres restent valables pendant 48\u00a0heures.<\/p>\n<p style=\"text-align: justify;\">Dans le but de garantir une qualit\u00e9 optimale, je ne peux accepter aucune commande sans un examen pr\u00e9alable du texte concern\u00e9. Il va de soi que vos documents seront trait\u00e9s avec la plus grande confidentialit\u00e9.<\/p>\n<p style=\"text-align: justify;\">Si j&rsquo;estime ne pas poss\u00e9der les comp\u00e9tences ou les ressources n\u00e9cessaires pour effectuer le travail, je m&rsquo;engage \u00e0 d\u00e9cliner l&rsquo;offre. Je consid\u00e8re qu&rsquo;il s&rsquo;agit l\u00e0 de la moindre des politesses vis-\u00e0-vis du donneur d&rsquo;ordre.<\/p>\n<p style=\"text-align: justify;\">Veuillez noter que je vous demanderai un acompte \u00e9quivalent \u00e0 30\u00a0% du montant total du devis \u00e0 l&rsquo;acceptation de toute commande d\u00e9passant 1500\u00a0EUR.<\/p>\n","protected":false},"excerpt":{"rendered":"<p>Pour demander un devis, il vous suffit de m&rsquo;envoyer par courriel le ou les documents \u00e0 traduire\/r\u00e9viser, les \u00e9ventuels documents de r\u00e9f\u00e9rence ainsi que vos consignes particuli\u00e8res, sans oublier mentionner les coordonn\u00e9es auxquelles je peux vous joindre. Je vous r\u00e9pondrai dans un d\u00e9lai d&rsquo;un jour ouvrable. Tous les devis contiennent une offre de prix (HTVA, &hellip; <\/p>\n<p class=\"link-more\"><a href=\"http:\/\/fl-translations.be\/?page_id=314\" class=\"more-link\">Continuer la lecture<span class=\"screen-reader-text\"> de &laquo;&nbsp;Demander un devis&nbsp;&raquo;<\/span><\/a><\/p>\n","protected":false},"author":1,"featured_media":0,"parent":0,"menu_order":0,"comment_status":"open","ping_status":"open","template":"","meta":[],"_links":{"self":[{"href":"http:\/\/fl-translations.be\/index.php?rest_route=\/wp\/v2\/pages\/314"}],"collection":[{"href":"http:\/\/fl-translations.be\/index.php?rest_route=\/wp\/v2\/pages"}],"about":[{"href":"http:\/\/fl-translations.be\/index.php?rest_route=\/wp\/v2\/types\/page"}],"author":[{"embeddable":true,"href":"http:\/\/fl-translations.be\/index.php?rest_route=\/wp\/v2\/users\/1"}],"replies":[{"embeddable":true,"href":"http:\/\/fl-translations.be\/index.php?rest_route=%2Fwp%2Fv2%2Fcomments&post=314"}],"version-history":[{"count":6,"href":"http:\/\/fl-translations.be\/index.php?rest_route=\/wp\/v2\/pages\/314\/revisions"}],"predecessor-version":[{"id":335,"href":"http:\/\/fl-translations.be\/index.php?rest_route=\/wp\/v2\/pages\/314\/revisions\/335"}],"wp:attachment":[{"href":"http:\/\/fl-translations.be\/index.php?rest_route=%2Fwp%2Fv2%2Fmedia&parent=314"}],"curies":[{"name":"wp","href":"https:\/\/api.w.org\/{rel}","templated":true}]}}